{"id":12,"date":"2025-07-24T10:52:28","date_gmt":"2025-07-24T01:52:28","guid":{"rendered":"https:\/\/kansai-food-service.com\/?page_id=12"},"modified":"2025-10-09T16:07:08","modified_gmt":"2025-10-09T07:07:08","slug":"%e3%81%8a%e5%95%8f%e3%81%84%e5%90%88%e3%82%8f%e3%81%9b","status":"publish","type":"page","link":"https:\/\/kansai-food-service.com\/?page_id=12","title":{"rendered":"\u304a\u554f\u3044\u5408\u308f\u305b"},"content":{"rendered":"\n<div class=\"wpcf7 no-js\" id=\"wpcf7-f357-o1\" lang=\"ja\" dir=\"ltr\" data-wpcf7-id=\"357\">\n<div class=\"screen-reader-response\"><p role=\"status\" aria-live=\"polite\" aria-atomic=\"true\"><\/p> <ul><\/ul><\/div>\n<form action=\"\/index.php?rest_route=%2Fwp%2Fv2%2Fpages%2F12#wpcf7-f357-o1\" method=\"post\" class=\"wpcf7-form init\" aria-label=\"\u30b3\u30f3\u30bf\u30af\u30c8\u30d5\u30a9\u30fc\u30e0\" novalidate=\"novalidate\" data-status=\"init\">\n<fieldset class=\"hidden-fields-container\"><input type=\"hidden\" name=\"_wpcf7\" value=\"357\" \/><input type=\"hidden\" name=\"_wpcf7_version\" value=\"6.1.5\" \/><input type=\"hidden\" name=\"_wpcf7_locale\" value=\"ja\" \/><input type=\"hidden\" name=\"_wpcf7_unit_tag\" value=\"wpcf7-f357-o1\" \/><input type=\"hidden\" name=\"_wpcf7_container_post\" value=\"0\" \/><input type=\"hidden\" name=\"_wpcf7_posted_data_hash\" value=\"\" \/>\n<\/fieldset>\n<tr>\n\t<th>\n\t\t<p><span class=\"CF7_req\">\u5fc5\u9808<\/span> \u4f1a\u793e\u540d\n\t\t<\/p>\n\t<\/th>\n\t<td>\n\t\t<p><span class=\"wpcf7-form-control-wrap\" data-name=\"text-Profession\"><input size=\"40\" maxlength=\"400\" class=\"wpcf7-form-control wpcf7-text wpcf7-validates-as-required\" aria-required=\"true\" aria-invalid=\"false\" placeholder=\"\u4f8b\uff1a\u95a2\u897f\u30d5\u30fc\u30c9\u30b5\u30fc\u30d3\u30b9\u682a\u5f0f\u4f1a\u793e\" value=\"\" type=\"text\" name=\"text-Profession\" \/><\/span>\n\t\t<\/p>\n\t<\/td>\n<\/tr>\n<tr>\n\t<th>\n\t\t<p><span class=\"CF7_req\">\u5fc5\u9808<\/span> \u62c5\u5f53\u8005\u540d\n\t\t<\/p>\n\t<\/th>\n\t<td>\n\t\t<p><span class=\"wpcf7-form-control-wrap\" data-name=\"your-name\"><input size=\"40\" maxlength=\"400\" class=\"wpcf7-form-control wpcf7-text wpcf7-validates-as-required\" aria-required=\"true\" aria-invalid=\"false\" placeholder=\"\u4f8b\uff1a\u6cb3\u7ae5\u592a\u6717\" value=\"\" type=\"text\" name=\"your-name\" \/><\/span>\n\t\t<\/p>\n\t<\/td>\n<\/tr>\n<tr>\n\t<th>\n\t\t<p><span class=\"CF7_req\">\u5fc5\u9808<\/span> \u30e1\u30fc\u30eb\u30a2\u30c9\u30ec\u30b9\n\t\t<\/p>\n\t<\/th>\n\t<td>\n\t\t<p><span class=\"wpcf7-form-control-wrap\" data-name=\"your-email\"><input size=\"40\" maxlength=\"400\" class=\"wpcf7-form-control wpcf7-email wpcf7-validates-as-required wpcf7-text wpcf7-validates-as-email\" aria-required=\"true\" aria-invalid=\"false\" placeholder=\"\u4f8b\uff1a\u00d7\u00d7\u00d7@\u00d7\u00d7\u00d7.com\" value=\"\" type=\"email\" name=\"your-email\" \/><\/span>\n\t\t<\/p>\n\t<\/td>\n<\/tr>\n<tr>\n\t<th>\n\t\t<p><span class=\"CF7_req\">\u5fc5\u9808<\/span> \u96fb\u8a71\u756a\u53f7\n\t\t<\/p>\n\t<\/th>\n\t<td>\n\t\t<p><span class=\"wpcf7-form-control-wrap\" data-name=\"tel-141\"><input size=\"40\" maxlength=\"400\" class=\"wpcf7-form-control wpcf7-tel wpcf7-validates-as-required wpcf7-text wpcf7-validates-as-tel\" aria-required=\"true\" aria-invalid=\"false\" placeholder=\"\u4f8b\uff1a090-0000-0000\" value=\"\" type=\"tel\" name=\"tel-141\" \/><\/span>\n\t\t<\/p>\n\t<\/td>\n<\/tr>\n<tr>\n\t<th>\n\t\t<p><span class=\"CF7_req\">\u5fc5\u9808<\/span> \u672c\u6587\n\t\t<\/p>\n\t<\/th>\n\t<td>\n\t\t<p><span class=\"wpcf7-form-control-wrap\" data-name=\"textarea-384\"><textarea cols=\"40\" rows=\"10\" maxlength=\"2000\" class=\"wpcf7-form-control wpcf7-textarea wpcf7-validates-as-required\" aria-required=\"true\" aria-invalid=\"false\" name=\"textarea-384\"><\/textarea><\/span>\n\t\t<\/p>\n\t<\/td>\n<\/tr>\n<tr>\n\t<th>\n\t\t<p><span class=\"CF7_req\">\u5fc5\u9808<\/span>\u5185\u5bb9\u306b\u3088\u308a\u307e\u3057\u3066\u306f\u3001\u3054\u8fd4\u4e8b\u307e\u3067\u306b\u304a\u6642\u9593\u304c\u304b\u304b\u308b\u5834\u5408\u3001\u307e\u305f\u306f\u3054\u8fd4\u4e8b\u3092\u5dee\u3057\u4e0a\u3052\u3089\u308c\u306a\u3044\u5834\u5408\u304c\u3054\u3056\u3044\u307e\u3059\u306e\u3067\u3054\u4e86\u627f\u304f\u3060\u3055\u3044\u3002\n\t\t<\/p>\n\t<\/th>\n\t<td>\n\t\t<p><span class=\"wpcf7-form-control-wrap\" data-name=\"acceptance-agree\"><span class=\"wpcf7-form-control wpcf7-acceptance\"><span class=\"wpcf7-list-item\"><label><input type=\"checkbox\" name=\"acceptance-agree\" value=\"1\" aria-invalid=\"false\" \/><span class=\"wpcf7-list-item-label\">\u540c\u610f\u3059\u308b<\/span><\/label><\/span><\/span><\/span>\n\t\t<\/p>\n\t<\/td>\n<\/tr>\n<p class=\"CF7_btn\"><input class=\"wpcf7-form-control wpcf7-submit has-spinner\" type=\"submit\" value=\"\u9001\u4fe1\u3059\u308b\" \/>\n<\/p><p style=\"display: none !important;\" class=\"akismet-fields-container\" data-prefix=\"_wpcf7_ak_\"><label>&#916;<textarea name=\"_wpcf7_ak_hp_textarea\" cols=\"45\" rows=\"8\" maxlength=\"100\"><\/textarea><\/label><input type=\"hidden\" id=\"ak_js_1\" name=\"_wpcf7_ak_js\" value=\"11\"\/><script>document.getElementById( \"ak_js_1\" ).setAttribute( \"value\", ( new Date() ).getTime() );<\/script><\/p><div class=\"wpcf7-response-output\" aria-hidden=\"true\"><\/div>\n<\/form>\n<\/div>\n\n\n\n\n<p>\u4f01\u696d\u69d8\u304b\u3089\u306e\u304a\u554f\u3044\u5408\u308f\u305b\u3084\u3054\u63d0\u6848\u306b\u95a2\u3057\u307e\u3057\u3066\u3001\u8cc7\u6599\u3084\u6dfb\u4ed8\u30d5\u30a1\u30a4\u30eb\u3092\u542b\u3080\u3054\u9023\u7d61\u3092\u3054\u5e0c\u671b\u306e\u5834\u5408\u306f\u3001<br>\u4e0b\u8a18\u30e1\u30fc\u30eb\u30a2\u30c9\u30ec\u30b9\u5b9b\u306b\u76f4\u63a5\u3054\u9001\u4ed8\u3044\u305f\u3060\u3051\u307e\u3059\u3068\u5e78\u3044\u3067\u3059\u3002<br><a href=\"mailto:kansai.food.service1995@gmail.com\">kansai.food.service1995@gmail.com<\/a><\/p>\n\n\n\n<p><\/p>\n","protected":false},"excerpt":{"rendered":"<p>\u4f01\u696d\u69d8\u304b\u3089\u306e\u304a\u554f\u3044\u5408\u308f\u305b\u3084\u3054\u63d0\u6848\u306b\u95a2\u3057\u307e\u3057\u3066\u3001\u8cc7\u6599\u3084\u6dfb\u4ed8\u30d5\u30a1\u30a4\u30eb\u3092\u542b\u3080\u3054\u9023\u7d61\u3092\u3054\u5e0c\u671b\u306e\u5834\u5408\u306f\u3001\u4e0b\u8a18\u30e1\u30fc\u30eb\u30a2\u30c9\u30ec\u30b9\u5b9b\u306b\u76f4\u63a5\u3054\u9001\u4ed8\u3044\u305f\u3060\u3051\u307e\u3059\u3068\u5e78\u3044\u3067\u3059\u3002kansai.food.service1995@gmail.com<\/p>\n","protected":false},"author":1,"featured_media":0,"parent":0,"menu_order":0,"comment_status":"closed","ping_status":"closed","template":"","meta":{"footnotes":""},"class_list":["post-12","page","type-page","status-publish","hentry"],"_links":{"self":[{"href":"https:\/\/kansai-food-service.com\/index.php?rest_route=\/wp\/v2\/pages\/12","targetHints":{"allow":["GET"]}}],"collection":[{"href":"https:\/\/kansai-food-service.com\/index.php?rest_route=\/wp\/v2\/pages"}],"about":[{"href":"https:\/\/kansai-food-service.com\/index.php?rest_route=\/wp\/v2\/types\/page"}],"author":[{"embeddable":true,"href":"https:\/\/kansai-food-service.com\/index.php?rest_route=\/wp\/v2\/users\/1"}],"replies":[{"embeddable":true,"href":"https:\/\/kansai-food-service.com\/index.php?rest_route=%2Fwp%2Fv2%2Fcomments&post=12"}],"version-history":[{"count":4,"href":"https:\/\/kansai-food-service.com\/index.php?rest_route=\/wp\/v2\/pages\/12\/revisions"}],"predecessor-version":[{"id":686,"href":"https:\/\/kansai-food-service.com\/index.php?rest_route=\/wp\/v2\/pages\/12\/revisions\/686"}],"wp:attachment":[{"href":"https:\/\/kansai-food-service.com\/index.php?rest_route=%2Fwp%2Fv2%2Fmedia&parent=12"}],"curies":[{"name":"wp","href":"https:\/\/api.w.org\/{rel}","templated":true}]}}